{"id":2314,"date":"2026-04-02T22:39:52","date_gmt":"2026-04-03T01:39:52","guid":{"rendered":"https:\/\/plano7diasteorica.site\/?page_id=2314"},"modified":"2026-04-02T23:05:28","modified_gmt":"2026-04-03T02:05:28","slug":"ok-2","status":"publish","type":"page","link":"https:\/\/plano7diasteorica.site\/","title":{"rendered":"1trilho"},"content":{"rendered":"\t\t<div data-elementor-type=\"wp-page\" data-elementor-id=\"2314\" class=\"elementor elementor-2314\" data-elementor-post-type=\"page\">\n\t\t\t\t<div class=\"elementor-element elementor-element-27c9108 elementor-hidden-desktop e-flex e-con-boxed e-con e-parent\" data-id=\"27c9108\" data-element_type=\"container\" data-e-type=\"container\" data-settings=\"{&quot;background_background&quot;:&quot;classic&quot;}\">\n\t\t\t\t\t<div class=\"e-con-inner\">\n\t\t\t\t<div class=\"elementor-element elementor-element-f7e5e07 elementor-widget elementor-widget-heading\" data-id=\"f7e5e07\" data-element_type=\"widget\" data-e-type=\"widget\" data-widget_type=\"heading.default\">\n\t\t\t\t<div class=\"elementor-widget-container\">\n\t\t\t\t\t<h2 class=\"elementor-heading-title elementor-size-default\"> O C\u00e2ntico Angelical que Libertou MILHARES Est\u00e1 ao Seu Alcance!<\/h2>\t\t\t\t<\/div>\n\t\t\t\t<\/div>\n\t\t\t\t<div class=\"elementor-element elementor-element-a636c6e elementor-widget elementor-widget-heading\" data-id=\"a636c6e\" data-element_type=\"widget\" data-e-type=\"widget\" data-widget_type=\"heading.default\">\n\t\t\t\t<div class=\"elementor-widget-container\">\n\t\t\t\t\t<h2 class=\"elementor-heading-title elementor-size-default\"> (Ou\u00e7a o que o seu Anjo quer lhe revelar HOJE)<\/h2>\t\t\t\t<\/div>\n\t\t\t\t<\/div>\n\t\t\t\t<div class=\"elementor-element elementor-element-5d23a96 elementor-widget elementor-widget-heading\" data-id=\"5d23a96\" data-element_type=\"widget\" data-e-type=\"widget\" data-widget_type=\"heading.default\">\n\t\t\t\t<div class=\"elementor-widget-container\">\n\t\t\t\t\t<h2 class=\"elementor-heading-title elementor-size-default\"> *Ou\u00e7a essa mensagem dos Anjos destinada a VOC\u00ca! \n      Antes que a p\u00e1gina seja retirada do ar.*<\/h2>\t\t\t\t<\/div>\n\t\t\t\t<\/div>\n\t\t\t\t\t<\/div>\n\t\t\t\t<\/div>\n\t\t<div class=\"elementor-element elementor-element-f6daa38 elementor-hidden-tablet elementor-hidden-mobile e-flex e-con-boxed e-con e-parent\" data-id=\"f6daa38\" data-element_type=\"container\" data-e-type=\"container\" data-settings=\"{&quot;background_background&quot;:&quot;classic&quot;}\">\n\t\t\t\t\t<div class=\"e-con-inner\">\n\t\t\t\t<div class=\"elementor-element elementor-element-8406b94 elementor-widget elementor-widget-html\" data-id=\"8406b94\" data-element_type=\"widget\" data-e-type=\"widget\" data-widget_type=\"html.default\">\n\t\t\t\t<div class=\"elementor-widget-container\">\n\t\t\t\t\t<div class=\"elementor-element elementor-widget elementor-widget-heading\" style=\"text-align: center; background-color: rgb(2, 3, 3);\">\n  <div class=\"elementor-widget-container\">\n    <h2 class=\"elementor-heading-title elementor-size-default\" style=\"font-family: Montserrat, sans-serif; font-weight: 600; color: rgb(255, 255, 255);\">\n      O C\u00e2ntico Angelical que Libertou MILHARES Est\u00e1 ao Seu Alcance!\n    <\/h2>\n  <\/div>\n<\/div>\t\t\t\t<\/div>\n\t\t\t\t<\/div>\n\t\t\t\t<div class=\"elementor-element elementor-element-5bbd166 elementor-widget elementor-widget-html\" data-id=\"5bbd166\" data-element_type=\"widget\" data-e-type=\"widget\" data-widget_type=\"html.default\">\n\t\t\t\t<div class=\"elementor-widget-container\">\n\t\t\t\t\t<div class=\"elementor-element elementor-widget elementor-widget-heading\" style=\"text-align: center; background-color: rgb(2, 3, 3);\">\n  <div class=\"elementor-widget-container\">\n    <h2 class=\"elementor-heading-title elementor-size-default\" style=\"font-family: Montserrat, sans-serif; font-weight: 600; color: rgb(255, 255, 0);\">\n      (Ou\u00e7a o que o seu Anjo quer lhe revelar HOJE)\n    <\/h2>\n  <\/div>\n<\/div>\t\t\t\t<\/div>\n\t\t\t\t<\/div>\n\t\t\t\t<div class=\"elementor-element elementor-element-497a5da elementor-widget elementor-widget-html\" data-id=\"497a5da\" data-element_type=\"widget\" data-e-type=\"widget\" data-widget_type=\"html.default\">\n\t\t\t\t<div class=\"elementor-widget-container\">\n\t\t\t\t\t<div class=\"elementor-element elementor-widget elementor-widget-text-editor\" style=\"text-align: center; background-color: rgb(2, 3, 3);\">\n  <div class=\"elementor-widget-container\">\n    <p style=\"color: rgb(255, 0, 0);\">\n      <strong>*Ou\u00e7a essa mensagem dos Anjos destinada a VOC\u00ca! Antes que a p\u00e1gina seja retirada do ar.*<\/strong>\n    <\/p>\n  <\/div>\n<\/div>\t\t\t\t<\/div>\n\t\t\t\t<\/div>\n\t\t\t\t\t<\/div>\n\t\t\t\t<\/div>\n\t\t<div class=\"elementor-element elementor-element-dcfc7f2 e-flex e-con-boxed e-con e-parent\" data-id=\"dcfc7f2\" data-element_type=\"container\" data-e-type=\"container\" data-settings=\"{&quot;background_background&quot;:&quot;classic&quot;}\">\n\t\t\t\t\t<div class=\"e-con-inner\">\n\t\t\t\t<div class=\"elementor-element elementor-element-6188646 elementor-widget elementor-widget-html\" data-id=\"6188646\" data-element_type=\"widget\" data-e-type=\"widget\" data-widget_type=\"html.default\">\n\t\t\t\t<div class=\"elementor-widget-container\">\n\t\t\t\t\t<vturb-smartplayer id=\"vid-69cf1d154f177ace44664804\" style=\"display: block; margin: 0 auto; width: 100%; max-width: 400px;\"><\/vturb-smartplayer> <script type=\"text\/javascript\"> var s=document.createElement(\"script\"); s.src=\"https:\/\/scripts.converteai.net\/1b27179a-ba8a-4485-adab-86acabe00490\/players\/69cf1d154f177ace44664804\/v4\/player.js\", s.async=!0,document.head.appendChild(s); <\/script>\t\t\t\t<\/div>\n\t\t\t\t<\/div>\n\t\t\t\t\t<\/div>\n\t\t\t\t<\/div>\n\t\t\t\t<\/div>\n\t\t","protected":false},"excerpt":{"rendered":"<p>O C\u00e2ntico Angelical que Libertou MILHARES Est\u00e1 ao Seu Alcance! (Ou\u00e7a o que o seu Anjo quer lhe revelar HOJE) *Ou\u00e7a essa mensagem dos Anjos destinada a VOC\u00ca! Antes que a p\u00e1gina seja retirada do ar.* O C\u00e2ntico Angelical que Libertou MILHARES Est\u00e1 ao Seu Alcance! (Ou\u00e7a o que o seu Anjo quer lhe revelar [&hellip;]<\/p>\n","protected":false},"author":2,"featured_media":0,"parent":0,"menu_order":0,"comment_status":"closed","ping_status":"closed","template":"elementor_canvas","meta":{"footnotes":""},"class_list":["post-2314","page","type-page","status-publish","hentry"],"_links":{"self":[{"href":"https:\/\/plano7diasteorica.site\/index.php\/wp-json\/wp\/v2\/pages\/2314","targetHints":{"allow":["GET"]}}],"collection":[{"href":"https:\/\/plano7diasteorica.site\/index.php\/wp-json\/wp\/v2\/pages"}],"about":[{"href":"https:\/\/plano7diasteorica.site\/index.php\/wp-json\/wp\/v2\/types\/page"}],"author":[{"embeddable":true,"href":"https:\/\/plano7diasteorica.site\/index.php\/wp-json\/wp\/v2\/users\/2"}],"replies":[{"embeddable":true,"href":"https:\/\/plano7diasteorica.site\/index.php\/wp-json\/wp\/v2\/comments?post=2314"}],"version-history":[{"count":8,"href":"https:\/\/plano7diasteorica.site\/index.php\/wp-json\/wp\/v2\/pages\/2314\/revisions"}],"predecessor-version":[{"id":2325,"href":"https:\/\/plano7diasteorica.site\/index.php\/wp-json\/wp\/v2\/pages\/2314\/revisions\/2325"}],"wp:attachment":[{"href":"https:\/\/plano7diasteorica.site\/index.php\/wp-json\/wp\/v2\/media?parent=2314"}],"curies":[{"name":"wp","href":"https:\/\/api.w.org\/{rel}","templated":true}]}}